{"id":68,"date":"2015-11-06T13:53:22","date_gmt":"2015-11-06T13:53:22","guid":{"rendered":"http:\/\/www.szh.hr\/szh_new1\/?page_id=68"},"modified":"2023-03-06T12:02:49","modified_gmt":"2023-03-06T12:02:49","slug":"podruznice","status":"publish","type":"page","link":"https:\/\/www.szh.hr\/index.php\/podruznice\/","title":{"rendered":"Podru\u017enice"},"content":{"rendered":"<p><strong>Podru\u017enica ATR<\/strong><br \/>\nMihanovi\u0107eva 12, 10000 ZAGREB<br \/>\nTel\/fax: +385 1 457 7617<br \/>\n<strong>\u0110UR\u0110ICA FABER<\/strong>, glavna povjerenica<br \/>\nMob: +385<br \/>\nVPN: 4326<br \/>\nE-Mail: faberdurdica@gmail.com<\/p>\n<p><strong>Podru\u017enica \u010cAKOVEC<\/strong><br \/>\nKolodvorska 4, 40000 \u010cAKOVEC<br \/>\nTel\/fax: +385 40 384 370<br \/>\n, glavni povjerenik<br \/>\nMob:<br \/>\nVPN:<br \/>\nE-Mail:<\/p>\n<p><strong>Podru\u017enica<\/strong> <strong>INFORMATIKA<br \/>\n<\/strong>Branimirova 9A, 10000 ZAGREB<br \/>\n<strong>HRVOJE TOMEC<\/strong>, glavni povjerenik<br \/>\nMob: +385 98 9831069<br \/>\nVPN: 39 973<br \/>\nE-Mail: hrvoje.tomec@hzinfra.hr<\/p>\n<p><strong>Podru\u017enica KARLOVAC<\/strong><br \/>\nRajnerova 3, 47000 KARLOVAC<br \/>\nTel\/fax: +385 47 645 651<br \/>\n<strong>NENAD BROZOVI\u0106<\/strong>, glavni povjerenik<br \/>\nMob:+385 99 210 8293<br \/>\nVPN: 33218<br \/>\nE-mail: nenad.brozovic@ka.t-com.hr<\/p>\n<p><strong>Podru\u017enica KNIN<\/strong><br \/>\nTrg Ante Star\u010devi\u0107a 2, 22300 KNIN<br \/>\nTel\/fax: +385 22 662 089<\/p>\n<p><strong>PETAR LOZO<\/strong>, glavni povjerenik<br \/>\nMob: +385<br \/>\nVPN: 33221<br \/>\nE-Mail: Petar.Lozo@hzinfra.hr<\/p>\n<p><strong>Podru\u017enica KOPRIVNICA<\/strong><br \/>\nKolodvorska 10, 48000 KOPRIVNICA<br \/>\nTel\/fax: +385 48 626 801<br \/>\n<strong>TOMISLAV KRANJ\u010cEVI\u0106<\/strong>, glavni povjerenik<br \/>\nMob: +385 99 530 4319<br \/>\nVPN: 33856<br \/>\nE-Mail: szh.koprivnica@gmail.com<\/p>\n<p><strong>Podru\u017enica NOVSKA<\/strong><br \/>\nKolodvorska 26, 44330 NOVSKA<br \/>\nTel\/fax: +385 44 600 159<br \/>\n<strong>IVAN GRGI\u0106<\/strong>, glavni povjerenik<br \/>\nMob: +385 99 256 1093<br \/>\nVPN: 33212<br \/>\nE-Mail: ivgrg64@gmail.com<\/p>\n<p><strong>Podru\u017enica OGULIN<\/strong><br \/>\nTrg Franje Tu\u0111mana 1, 47300 OGULIN<br \/>\nTel\/fax: +385 47 570 753<br \/>\n<strong>IVAN STIPETI\u0106<\/strong>, glavni povjerenik<br \/>\nMob: +385 98 308 012<br \/>\nVPN: 33219<br \/>\nE-Mail: ivan.stipetic@hzinfra.hr<\/p>\n<p><strong>Podru\u017enica OSIJEK<\/strong><br \/>\nRadi\u0107eva 52, 31000 OSIJEK<br \/>\nTel\/fax: +385 31 206 650<br \/>\n<strong>ROMEO TOMAC<\/strong>, glavni povjerenik<br \/>\nMob: +385 99 247 1378<br \/>\nVPN: 33244<br \/>\nE-Mail: romeo.tomac@hzinfra.hr<\/p>\n<p><strong>Podru\u017enica PLO\u010cE<\/strong><br \/>\nTrg Kralja Tomislava 19, 20340 PLO\u010cE<br \/>\nTel\/fax: +385 20 679 670<br \/>\n<strong>DRAGO GAVRAN<\/strong>, glavni povjerenik<br \/>\nMob: +385 99 218 5459<br \/>\nVPN: 33225<br \/>\nE-Mail: drago.gavran@gmail.com<\/p>\n<p><strong>Podru\u017enica PULA<\/strong><br \/>\nKolodvorska 5, 52100 PULA<br \/>\nTel\/fax: +385 52 222 167<br \/>\n<strong>ANTON MEDINKOVI\u0106<\/strong>, glavni povjerenik<br \/>\nMob: +385<br \/>\nVPN: 33220<br \/>\nE-Mail: amamendik10@gmail.com<\/p>\n<p><strong>Podru\u017enica RIJEKA<\/strong><br \/>\nKre\u0161imirova 1, 51000 RIJEKA<br \/>\nTel\/fax: +385 51 332 989<br \/>\n<strong>KRUNOSLAV PRIBANI\u0106<\/strong>, glavni povjerenik<br \/>\nMob: +385 95 868 2337<br \/>\nVPN: 33238<br \/>\nE-Mail: krunoslav.pribanic@inet.hr<\/p>\n<p><strong>Podru\u017enica SISAK<\/strong><br \/>\nTrg Republike 1, 44000 SISAK<br \/>\nTel\/fax: +385 44 523 174<br \/>\n<strong>ALEN DRAGANOVI\u0106<\/strong>, glavni povjerenik<br \/>\nMob: +385 99 531 2446<br \/>\nVPN: 33213<br \/>\nE-Mail: szh.sisak@gmail.com<\/p>\n<p><strong>Podru\u017enica SLAVONSKI BROD<\/strong><br \/>\nTrg Hrvatskog prolje\u0107a 4, 35000 SLAVONSKI BROD<br \/>\nTel\/fax: +385 35 445 798<br \/>\n<strong>MIJO VIDAKOVI\u0106<\/strong>, glavni povjerenik<br \/>\nMob: +385 98 308 004<br \/>\nVPN: 33211<br \/>\nE-Mail: mijo.vidakovic@hzinfra.hr<\/p>\n<p><strong>Podru\u017enica SPLIT<\/strong><br \/>\nDomagojeva obala 9, 21000 SPLIT<br \/>\nTel\/fax: +385 21 338 574<br \/>\n<strong>NIKOLA KOMAR<\/strong>, glavni povjerenik<br \/>\nMob: +385 99 527 6081<br \/>\nVPN: 33236<br \/>\nE-Mail: nikolakomar88@gmail.com<\/p>\n<p><strong>Podru\u017enica \u0160IBENIK<\/strong><br \/>\nUl. fra Jerolima Milete 24, 22000, \u0160ibenik<br \/>\n, glavni povjerenik<br \/>\nMob:<br \/>\nVPN<br \/>\nE-mail:<\/p>\n<p><strong>Podru\u017enica VARA\u017dDIN<\/strong><br \/>\nFrane Supila 1, 42000 VARA\u017dDIN<br \/>\nTel: +385 49 459 676<br \/>\n<strong>DAMIR \u0160IMEK<\/strong>, glavni povjerenik<br \/>\nMob: +385 99 531 2749<br \/>\nVPN: 33334<br \/>\nE-Mail: 1simek.1damir@gmail.com<\/p>\n<p><strong>Podru\u017enica VINKOVCI<\/strong><br \/>\nTrg kralja Tomislava bb, 32100 VINKOVCI<br \/>\nTel: +385 32 530 482<br \/>\nFax: +385 32 309 965<br \/>\n<strong>VLADO KOMLJENOVI\u0106<\/strong>, glavni povjerenik<br \/>\nMob: +385 98 415 984<br \/>\nVPN: 33242<br \/>\nE-Mail: vlado.komljenovic@hzinfra.hr<\/p>\n<p><strong>Podru\u017enica VIROVITICA<br \/>\n<\/strong>Stjepana Radi\u0107a 102, 33000 VIROVITICA<br \/>\nTel\/fax: +385 33 730 358<br \/>\n<strong>IGOR PRPI\u0106<\/strong>, glavni povjerenik<br \/>\nMob: +385 99 235 1651<br \/>\nVPN: 33210<br \/>\nE-Mail: igorzlprpic@gmail.com<\/p>\n<p><strong>Podru\u017enica ZABOK<\/strong><br \/>\nTrg Ksavera D\u017ealskog 2, 49210 ZABOK<br \/>\nTel\/fax: +385 49 222 081<br \/>\n<strong>IVAN MAJSEC<\/strong>, glavni povjerenik<br \/>\nMob: +385 99 253 1958<br \/>\nVPN: 33281<br \/>\nE-Mail: majsecivan@gmail.com<\/p>\n<p><strong>Podru\u017enica ZAGREB GLAVNI KOLODVOR<\/strong><br \/>\nTomislavov trg 12, 10000 ZAGREB<br \/>\nTel\/fax: +385 1 457 3262<br \/>\n<strong>IVAN \u010cORI\u0106<\/strong>, glavni povjerenik<br \/>\nMob: +385 99 210 8291<br \/>\nVPN: 33250<br \/>\nE-Mail: ivan.coric@hzinfra.hr<\/p>\n<p><strong>Podru\u017enica ZAGREB RK<\/strong><br \/>\nJaku\u0161evac 2, 10000 ZAGREB<br \/>\nTel\/fax: +385 1 378 2786<br \/>\n<strong>IVAN LUKI\u0106<\/strong>, glavni povjerenik<br \/>\nMob: +385 98 483 686<br \/>\nVPN: 33800<br \/>\nE-Mail: ivanlukic1@yahoo.com.hr<\/p>\n<p><strong>Podru\u017enica ZAGREB ZAPADNI KOLODVOR<\/strong><br \/>\nTrg Francuske Republike 13, 10000 ZAGREB<br \/>\nTel\/fax: +385 1 378 3159<br \/>\n<strong>GORAN TOKI\u0106<\/strong>, glavni povjerenik<br \/>\nMob: +385 98 9929 422<br \/>\nVPN: 33243<br \/>\nE-Mail: antun.dorotek@hzinfra.hr<\/p>\n<p><strong>Podru\u017enica WL i BC<\/strong><br \/>\nTrg Francuske Republike 13, 10000 ZAGREB<br \/>\nTel\/fax: +385 1 457 3251<br \/>\n<strong>ZLATKO MUSTAPI\u0106<\/strong>, glavni povjerenik<br \/>\nMob: +385 91 526 8694<br \/>\nVPN:33223<br \/>\nE-Mail: <span class=\"gI\">zlatko.mustapic@outlook.com<\/span><\/p>\n","protected":false},"excerpt":{"rendered":"<p>Podru\u017enica ATR Mihanovi\u0107eva 12, 10000 ZAGREB Tel\/fax: +385 1 457 7617 \u0110UR\u0110ICA FABER, glavna povjerenica Mob: +385 VPN: 4326 E-Mail: faberdurdica@gmail.com Podru\u017enica \u010cAKOVEC Kolodvorska 4, 40000 \u010cAKOVEC Tel\/fax: +385 40 384 370 , glavni povjerenik Mob: VPN: E-Mail: Podru\u017enica INFORMATIKA Branimirova 9A, 10000 ZAGREB HRVOJE TOMEC, glavni povjerenik Mob: +385 98 9831069 VPN: 39 973 [&hellip;]<\/p>\n","protected":false},"author":1,"featured_media":0,"parent":0,"menu_order":0,"comment_status":"open","ping_status":"open","template":"","meta":{"_et_pb_use_builder":"off","_et_pb_old_content":"<p><strong>Podru\u017enica ATR<\/strong><br \/> Mihanovi\u0107eva 12, 10000 ZAGREB<br \/> Tel\/fax +385 1 457 7617<br \/> GORDANA D\u00d6M\u00d6T\u00d6RFFY, glavna povjerenica<br \/> GSM: +385 99 261 9909<br \/> VPN: 33226<br \/> E-Mail: gordana.domotorffy@hzinfra.hr<\/p><p><strong>Podru\u017enica CRO VOS<\/strong><br \/> Trg Francuske Republike 13, 10000 ZAGREB<br \/> Tel\/fax +385 1 457 3251<br \/> IVAN CVITANOVI\u0106, glavni povjerenik<br \/> GSM: +385 98 308 015<br \/> VPN:33223<br \/> E-Mail: civica57@gmail.com<\/p><p><strong>Podru\u017enica \u010cAKOVEC<\/strong><br \/> Kolodvorska 4, 40000 \u010cAKOVEC<br \/> GSM: +385 98 419 235<br \/> VPN: 33004<\/p><p><strong>Podru\u017enica KOPRIVNICA<\/strong><br \/> Kolodvorska 10, 48000 KOPRIVNICA<br \/> Tel\/fax +385 48 626 801<br \/> DRA\u017dEN DRK, glavni povjerenik<br \/> GSM: +385 98 228 735<br \/> VPN: 33276<br \/> E-Mail: drk@net.hr<\/p><p><strong>Podru\u017enica KARLOVAC<\/strong><br \/> Rajnerova 3, 47000 KARLOVAC<br \/> Tel\/fax. +385 47 645 651<br \/> NENAD BROZOVI\u0106, glavni povjerenik<br \/> GSM:+385 99 210 8293<br \/> VPN: 33218<br \/> E-mail: nenad.brozovic@ka.t-com.hr<\/p><p><strong>Podru\u017enica KONTROLA PRIHODA<\/strong><br \/> Ku\u0161lanova 2, 10000 ZAGREB<br \/> Tel\/fax +385 1 378 3097<br \/> MARIJAN DUI\u0106, glavni povjerenik<br \/> GSM: +385 98 308 021<br \/> VPN: 33227<br \/> E-Mail: marijan.duic@hzpp.hr<\/p><p><strong>Podru\u017enica KNIN<\/strong><br \/> Trg Ante Star\u010devi\u0107a 2, 22300 KNIN<br \/> Tel\/fax: +385 22 662 089<br \/> IVAN KOMAR, glavni povjerenik<br \/> GSM: +385 99 244 3788<br \/> VPN: 33221<br \/> E-Mail: ivan.komar@hzcargo.hr<\/p><p><strong>Podru\u017enica NOVSKA<\/strong><br \/> Kolodvorska 26, 44330 NOVSKA<br \/> Tel\/fax +385 44 600 159<br \/> IVAN GRGI\u0106, glavni povjerenik<br \/> GSM: +385 99 256 1093<br \/> VPN: 33212<br \/> E-Mail: ivgrg64@gmail.com<\/p><p><strong>Podru\u017enica OGULIN<\/strong><br \/> Trg Franje Tu\u0111mana 1, 47300 OGULIN<br \/> Tel\/fax +385 47 525 211<br \/> IVAN STIPETI\u0106, glavni povjerenik<br \/> GSM: +385 98 308 012<br \/> VPN: 33219<br \/> E-Mail: ivan.stipetic@hzinfra.hr<\/p><p><strong>Podru\u017enica OSIJEK<\/strong><br \/> Radi\u0107eva 52, 31000 OSIJEK<br \/> Tel\/fax +385 31 206 650<br \/> ROMEO TOMAC, glavni povjerenik<br \/> GSM: +385 99 247 1378<br \/> VPN: 33244<br \/> E-Mail: romeo.tomac@hzinfra.hr<\/p><p><strong>Podru\u017enica PLO\u010cE<\/strong><br \/> Trg Kralja Tomislava 19, 20340 PLO\u010cE<br \/> Tel\/fax +385 20 679 670<br \/> DRAGO GAVRAN, glavni povjerenik<br \/> GSM: +385 99 218 5459<br \/> VPN: 33225<br \/> E-Mail: drago.gavran@gmail.com<\/p><p><strong>Podru\u017enica PULA<\/strong><br \/> Kolodvorska 5, 52100 PULA<br \/> Tel\/fax +385 52 222 167<br \/> SILVANO OTO\u010cAN, glavni povjerenik<br \/> GSM: +385 99 361b7394<br \/> VPN: 33220<br \/> E-Mail: sotocan123@gmail.com<\/p><p><strong>Podru\u017enica RIJEKA<\/strong><br \/> Kre\u0161imirova 1, 51000 RIJEKA<br \/> Tel\/fax +385 51 332 989<br \/> KRUNOSLAV PRIBANI\u0106, v.d. glavni povjerenik<br \/> GSM: +385 95 868 2337<br \/> VPN: 33238<br \/> E-Mail: krunoslav.pribanic@inet.hr<\/p><p><strong>Podru\u017enica SLAVONSKI BROD<\/strong><br \/> Trg Hrvatskog prolje\u0107a 4, 35000 SLAVONSKI BROD<br \/> Tel\/fax +385 35 445 798<br \/> MIJO VIDAKOVI\u0106, glavni povjerenik<br \/> GSM: +385 98 308 004<br \/> VPN: 33211<br \/> E-Mail: mijo.vidakovic@hzinfra.hr<\/p><p><strong>Podru\u017enica SISAK<\/strong><br \/> Trg Republike 1, 44000 SISAK<br \/> Tel\/fax +385 44 523 174<br \/> HASAN DIZDAREVI\u0106, glavni povjerenik<br \/> GSM: +385 98 308 006<br \/> VPN: 33213<br \/> E-Mail: hasan.dizdarevic@hzinfra.hr<\/p><p><strong>Podru\u017enica SPLIT<\/strong><br \/> Domagojeva obala 9, 21000 SPLIT<br \/> Tel\/fax +385 21 338 574<br \/> SRE\u0106KO GRGI\u0106, glavni povjerenik<br \/> GSM: +385 99 244 3789<br \/> VPN: 33236<br \/> E-Mail: srecko.grgic@gmail.com<\/p><p><strong>Podru\u017enica VINKOVCI<\/strong><br \/> Trg kralja Tomislava bb, 32100 VINKOVCI<br \/> Tel\/fax +385 32 308 144<br \/> VLADO KOMLJENOVI\u0106, glavni povjerenik<br \/> GSM: +385 98 415 984<br \/> VPN: 33242<br \/> E-Mail: vlado.komljenovic@hzinfra.hr<\/p><p><strong>Podru\u017enica VIROVITICA<br \/> <\/strong>Stjepana Radi\u0107a 102, 33000 VIROVITICA<br \/> Tel\/fax +385 33 730 358<br \/> IGOR PRPI\u0106, glavni povjerenik<br \/> GSM: +385 99 235 1651<br \/> VPN: 33210<br \/> E-Mail: igorzlprpic@gmail.com<\/p><p><strong>Podru\u017enica VARA\u017dDIN<\/strong><br \/> Frane Supila 1, 42000 VARA\u017dDIN<br \/> Tel\/fax +385 42 310 282<br \/> IVAN NEGOVEC, glavni povjerenik<br \/> GSM: +385 99 812 4633<br \/> VPN: 33230<br \/> E-Mail: negovecivan99@gmail.com<\/p><p><strong>Podru\u017enica ZAGREB ZAPADNI KOLODVOR<\/strong><br \/> Trg Francuske Republike 13, 10000 ZAGREB<br \/> Tel\/fax +385 1 378 3159<br \/> ANTUN DOROTEK, glavni povjerenik<br \/> GSM: +385 98 415 980<br \/> VPN: 33243<br \/> E-Mail: antun.dorotek@hzinfra.hr<\/p><p><strong>Podru\u017enica ZAGREB GLAVNI KOLODVOR<\/strong><br \/> Tomislavov trg 12, 10000 ZAGREB<br \/> Tel\/fax +385 1 457 3262<br \/> IVAN \u010cORI\u0106, glavni povjerenik<br \/> GSM: +385 99 210 8291<br \/> VPN: 33250<br \/> E-Mail: ivan.coric@hzinfra.hr<\/p><p><strong>Podru\u017enica ZAGREB RK<\/strong><br \/> Jaku\u0161evac 2, 10000 ZAGREB<br \/> Tel\/fax +385 1 378 2786<br \/> IVAN LUKI\u0106, glavni povjerenik<br \/> GSM: +385 98 483 686<br \/> VPN: 33800<br \/> E-Mail: ivanlukic1@yahoo.com.hr<\/p><p><strong>Podru\u017enica ZABOK<\/strong><br \/> Trg Ksavera D\u017ealskog 2, 49210 ZABOK<br \/> Tel\/fax +385 49 222 081<br \/> IVAN MAJSEC, glavni povjerenik<br \/> GSM: +385 99 253 1958<br \/> VPN: 33281<br \/> E-Mail: majsecivan@gmail.com<\/p><p><strong>Podru\u017enica \u017dELJEZNI\u010cKO UGOSTITELJSTVO<\/strong><br \/> Teslina 4, 10000 ZAGREB<br \/> Tel\/fax +385 1 481 1920<br \/> BISERKA ZORBAS, glavna povjerenica<br \/> GSM: +385 98 308 022<br \/> VPN: 33228<br \/> E-Mail: biserka@croatia-express.com<\/p><p><strong>Podru\u017enica TPVV Vara\u017edin<\/strong><br \/> Supilova 1, 42000 Vara\u017edin<br \/> Fax: +385 42 310 829<br \/> TIHOMIR SAGATA, glavni povjerenik<br \/> GSM: +385 99 802 0549<br \/> VPN: 33278<br \/> E-Mail: tsagata@net.hr<\/p>","_et_gb_content_width":"","footnotes":""},"class_list":["post-68","page","type-page","status-publish","hentry"],"_links":{"self":[{"href":"https:\/\/www.szh.hr\/index.php\/wp-json\/wp\/v2\/pages\/68","targetHints":{"allow":["GET"]}}],"collection":[{"href":"https:\/\/www.szh.hr\/index.php\/wp-json\/wp\/v2\/pages"}],"about":[{"href":"https:\/\/www.szh.hr\/index.php\/wp-json\/wp\/v2\/types\/page"}],"author":[{"embeddable":true,"href":"https:\/\/www.szh.hr\/index.php\/wp-json\/wp\/v2\/users\/1"}],"replies":[{"embeddable":true,"href":"https:\/\/www.szh.hr\/index.php\/wp-json\/wp\/v2\/comments?post=68"}],"version-history":[{"count":38,"href":"https:\/\/www.szh.hr\/index.php\/wp-json\/wp\/v2\/pages\/68\/revisions"}],"predecessor-version":[{"id":8299,"href":"https:\/\/www.szh.hr\/index.php\/wp-json\/wp\/v2\/pages\/68\/revisions\/8299"}],"wp:attachment":[{"href":"https:\/\/www.szh.hr\/index.php\/wp-json\/wp\/v2\/media?parent=68"}],"curies":[{"name":"wp","href":"https:\/\/api.w.org\/{rel}","templated":true}]}}