{"id":82,"date":"2015-11-06T13:56:22","date_gmt":"2015-11-06T13:56:22","guid":{"rendered":"http:\/\/www.szh.hr\/szh_new1\/?page_id=82"},"modified":"2018-05-24T08:33:29","modified_gmt":"2018-05-24T08:33:29","slug":"postani-clan","status":"publish","type":"page","link":"https:\/\/www.szh.hr\/index.php\/postani-clan\/","title":{"rendered":"Postani \u010dlan"},"content":{"rendered":"<p>[et_pb_section admin_label=&#8221;section&#8221;][et_pb_row admin_label=&#8221;row&#8221;][et_pb_column type=&#8221;4_4&#8243;][et_pb_text admin_label=&#8221;Text&#8221; background_layout=&#8221;light&#8221; text_orientation=&#8221;left&#8221; use_border_color=&#8221;off&#8221; border_color=&#8221;#ffffff&#8221; border_style=&#8221;solid&#8221;]<\/p>\n<h1>Postani \u010dlan<\/h1>\n<p>&nbsp;<\/p>\n<p><strong>Samo zajedno smo ja\u010di!<\/strong><\/p>\n<p><a href=\"http:\/\/www.szh.hr\/szh_new1\/wp-content\/uploads\/2015\/11\/U\u010dlani-se-u-S\u017dH.jpg\"><img loading=\"lazy\" decoding=\"async\" class=\"wp-image-6226 alignleft\" src=\"http:\/\/www.szh.hr\/szh_new1\/wp-content\/uploads\/2015\/11\/U\u010dlani-se-u-S\u017dH.jpg\" alt=\"U\u010dlani se u S\u017dH\" width=\"240\" height=\"207\" srcset=\"https:\/\/www.szh.hr\/wp-content\/uploads\/2015\/11\/U\u010dlani-se-u-S\u017dH.jpg 952w, https:\/\/www.szh.hr\/wp-content\/uploads\/2015\/11\/U\u010dlani-se-u-S\u017dH-300x260.jpg 300w, https:\/\/www.szh.hr\/wp-content\/uploads\/2015\/11\/U\u010dlani-se-u-S\u017dH-768x665.jpg 768w\" sizes=\"(max-width: 240px) 100vw, 240px\" \/><\/a>Biti \u010dlanom Sindikata \u017eeljezni\u010dara Hrvatske pitanje je stava i opredjeljenja! S\u017dH zastupa interese radnika u dru\u0161tvima nastalim podjelom H\u017d i dru\u0161tvima povezanim sa \u017eeljeznicom, bori se za o\u010duvanje radnih mjesta, bolje pla\u0107e i uvjete rada.<\/p>\n<p>Kroz kolektivno pregovaranje sindikalni pokret je postigao mnoga pove\u0107anja u odnosu na zakonski minimum. \u0160to je sindikat ja\u010di, bolje mo\u017ee zastupati interese radnika i boriti se &#8211; za svakog pojedina\u010dno i za sve zajedno.<\/p>\n<p>&nbsp;<\/p>\n<p>&nbsp;<\/p>\n<p>&nbsp;<\/p>\n<p><strong>Pristupi i postani \u010dlan S\u017dH<\/strong><\/p>\n<p><strong>KAKO ?<\/strong><\/p>\n<p>\u010clan Sindikata \u017eeljezni\u010dara Hrvatske postaje se vlastoru\u010dnim potpisivanjem <a href=\"http:\/\/www.szh.hr\/szh_new1\/wp-content\/uploads\/2016\/04\/Pristupnica-SZH.pdf\">Pristupnice<\/a> i pla\u0107anjem \u010dlanarine.<\/p>\n<p><strong><a href=\"http:\/\/www.szh.hr\/index.php\/pristupnica\/\">Pristupnica<\/a> se mo\u017ee dobiti u Uredima S\u017dH .<\/strong><\/p>\n<p><strong>ZA\u0160TO ?<\/strong><\/p>\n<p><strong>Pravna pomo\u0107<\/strong><\/p>\n<p>Sindikat \u017eeljezni\u010dara Hrvatske nudi \u010dlanovima besplatnu pravnu pomo\u0107 putem uputnice Glavnih povjerenika S\u017dH-a u uredima Nezavisnih hrvatskih sindikata:<\/p>\n<p>Nezavisni hrvatski sindikati Regionalni ured Split<\/p>\n<p>Nezavisni hrvatski sindikati Regionalni ured Rijeka<\/p>\n<p>Nezavisni hrvatski sindikati Regionalni ured Osijek<\/p>\n<p>Nezavisni hrvatski sindikati Regionalni ured Zagreb<\/p>\n<p><strong>Podr\u0161ka<\/strong><\/p>\n<p>S\u017dH kao \u010dlan Nezavisnih hrvatskih sindikata ima mre\u017eu stru\u010dnjaka koji mogu rje\u0161avati probleme kr\u0161enja kolektivnog ugovora, nasilja\/zlostavljanja na radnom mjestu, diskriminacije&#8230;<\/p>\n<p><strong>Me\u0111unarodna podr\u0161ka<\/strong><\/p>\n<p>S\u017dH predstavlja stavove \u017eeljezni\u010dara na nacionalnim i me\u0111unarodnim tijelima uklju\u010duju\u0107i Europsku federaciju radnika u prijevozu (ETF), Me\u0111unarodnu federaciju radnika u prijevozu (ITF). S\u017dH ima predstavnike u tijelima ETF-a i EUROCADRES-a gdje se donose globalne odluke u svezi uvjeta rada, zdravlja i sigurnosti.<\/p>\n<p><strong>Kontakt<\/strong><\/p>\n<p>\u010clan S\u017dH u svakom trenutku imaju na raspolaganju mogu\u0107nost kontaktiranja du\u017enosnika\u00a0 i pru\u017eanja pomo\u0107i<strong>.<\/strong><\/p>\n<p>osnika\u00a0 i pru\u017eanja pomo\u0107i<strong>.<\/strong><\/p>\n<p>[\/et_pb_text][\/et_pb_column][\/et_pb_row][\/et_pb_section]<\/p>\n","protected":false},"excerpt":{"rendered":"<p>[et_pb_section admin_label=&#8221;section&#8221;][et_pb_row admin_label=&#8221;row&#8221;][et_pb_column type=&#8221;4_4&#8243;][et_pb_text admin_label=&#8221;Text&#8221; background_layout=&#8221;light&#8221; text_orientation=&#8221;left&#8221; use_border_color=&#8221;off&#8221; border_color=&#8221;#ffffff&#8221; border_style=&#8221;solid&#8221;] Postani \u010dlan &nbsp; Samo zajedno smo ja\u010di! Biti \u010dlanom Sindikata \u017eeljezni\u010dara Hrvatske pitanje je stava i opredjeljenja! S\u017dH zastupa interese radnika u dru\u0161tvima nastalim podjelom H\u017d i dru\u0161tvima povezanim sa \u017eeljeznicom, bori se za o\u010duvanje radnih mjesta, bolje pla\u0107e i uvjete rada. Kroz kolektivno pregovaranje [&hellip;]<\/p>\n","protected":false},"author":1,"featured_media":0,"parent":0,"menu_order":0,"comment_status":"open","ping_status":"open","template":"","meta":{"_et_pb_use_builder":"off","_et_pb_old_content":"","_et_gb_content_width":"","footnotes":""},"class_list":["post-82","page","type-page","status-publish","hentry"],"_links":{"self":[{"href":"https:\/\/www.szh.hr\/index.php\/wp-json\/wp\/v2\/pages\/82","targetHints":{"allow":["GET"]}}],"collection":[{"href":"https:\/\/www.szh.hr\/index.php\/wp-json\/wp\/v2\/pages"}],"about":[{"href":"https:\/\/www.szh.hr\/index.php\/wp-json\/wp\/v2\/types\/page"}],"author":[{"embeddable":true,"href":"https:\/\/www.szh.hr\/index.php\/wp-json\/wp\/v2\/users\/1"}],"replies":[{"embeddable":true,"href":"https:\/\/www.szh.hr\/index.php\/wp-json\/wp\/v2\/comments?post=82"}],"version-history":[{"count":11,"href":"https:\/\/www.szh.hr\/index.php\/wp-json\/wp\/v2\/pages\/82\/revisions"}],"predecessor-version":[{"id":7701,"href":"https:\/\/www.szh.hr\/index.php\/wp-json\/wp\/v2\/pages\/82\/revisions\/7701"}],"wp:attachment":[{"href":"https:\/\/www.szh.hr\/index.php\/wp-json\/wp\/v2\/media?parent=82"}],"curies":[{"name":"wp","href":"https:\/\/api.w.org\/{rel}","templated":true}]}}